{"id":9933,"date":"2022-11-17T10:47:17","date_gmt":"2022-11-17T16:47:17","guid":{"rendered":"https:\/\/vinte.com\/?page_id=9933"},"modified":"2024-11-29T16:21:21","modified_gmt":"2024-11-29T22:21:21","slug":"generacion-de-valor","status":"publish","type":"page","link":"https:\/\/vinte.com\/es\/generacion-de-valor\/","title":{"rendered":"Vinte Sustentable"},"content":{"rendered":"\t\t<div data-elementor-type=\"wp-post\" data-elementor-id=\"9933\" class=\"elementor elementor-9933\" data-elementor-post-type=\"page\">\n\t\t\t\t\t\t<section class=\"elementor-section elementor-top-section elementor-element elementor-element-424f2a26 elementor-section-stretched elementor-section-height-min-height elementor-section-content-middle elementor-section-boxed elementor-section-height-default elementor-section-items-middle elementor-invisible\" data-id=\"424f2a26\" data-element_type=\"section\" data-e-type=\"section\" data-settings=\"{&quot;stretch_section&quot;:&quot;section-stretched&quot;,&quot;background_background&quot;:&quot;classic&quot;,&quot;animation&quot;:&quot;fadeIn&quot;,&quot;animation_delay&quot;:500}\">\n\t\t\t\t\t\t\t<div class=\"elementor-background-overlay\"><\/div>\n\t\t\t\t\t\t\t<div class=\"elementor-container elementor-column-gap-wide\">\n\t\t\t\t\t<div class=\"elementor-column elementor-col-100 elementor-top-column elementor-element elementor-element-5a54b9a2\" data-id=\"5a54b9a2\" data-element_type=\"column\" data-e-type=\"column\">\n\t\t\t<div class=\"elementor-widget-wrap elementor-element-populated\">\n\t\t\t\t\t\t<div class=\"elementor-element elementor-element-3519ec8f elementor-widget elementor-widget-spacer\" data-id=\"3519ec8f\" data-element_type=\"widget\" data-e-type=\"widget\" data-widget_type=\"spacer.default\">\n\t\t\t\t<div class=\"elementor-widget-container\">\n\t\t\t\t\t\t\t<div class=\"elementor-spacer\">\n\t\t\t<div class=\"elementor-spacer-inner\"><\/div>\n\t\t<\/div>\n\t\t\t\t\t\t<\/div>\n\t\t\t\t<\/div>\n\t\t\t\t<section class=\"elementor-section elementor-inner-section elementor-element elementor-element-1f0623d8 elementor-section-content-middle elementor-section-boxed elementor-section-height-default elementor-section-height-default\" data-id=\"1f0623d8\" data-element_type=\"section\" data-e-type=\"section\">\n\t\t\t\t\t\t<div class=\"elementor-container elementor-column-gap-default\">\n\t\t\t\t\t<div class=\"elementor-column elementor-col-50 elementor-inner-column elementor-element elementor-element-eba50ff\" data-id=\"eba50ff\" data-element_type=\"column\" data-e-type=\"column\">\n\t\t\t<div class=\"elementor-widget-wrap elementor-element-populated\">\n\t\t\t\t\t\t<div class=\"elementor-element elementor-element-448639f8 elementor-widget elementor-widget-heading\" data-id=\"448639f8\" data-element_type=\"widget\" data-e-type=\"widget\" data-widget_type=\"heading.default\">\n\t\t\t\t<div class=\"elementor-widget-container\">\n\t\t\t\t\t<h2 class=\"elementor-heading-title elementor-size-default\">VINTE\u00a0SUSTENTABLE<\/h2>\t\t\t\t<\/div>\n\t\t\t\t<\/div>\n\t\t\t\t\t<\/div>\n\t\t<\/div>\n\t\t\t\t<div class=\"elementor-column elementor-col-50 elementor-inner-column elementor-element elementor-element-4e07789\" data-id=\"4e07789\" data-element_type=\"column\" data-e-type=\"column\">\n\t\t\t<div class=\"elementor-widget-wrap elementor-element-populated\">\n\t\t\t\t\t\t<div class=\"elementor-element elementor-element-c25be61 elementor-widget elementor-widget-html\" data-id=\"c25be61\" data-element_type=\"widget\" data-e-type=\"widget\" data-no-translation=\"\" data-widget_type=\"html.default\">\n\t\t\t\t<div class=\"elementor-widget-container\">\n\t\t\t\t\t<html>\r\n\r\n<head>\r\n    \r\n<\/head>\r\n\r\n<body>\r\n    <div class=\"video\">\r\n        <iframe ID=\"EurolandToolID\" width=\"100%\"\r\n           height=\"350\"\r\n            scrolling=\"no\" frameborder=\"0\" src=\"https:\/\/tools.eurolandir.com\/tools\/ticker\/html\/?companycode=mx-vinte&lang=es-es\" frameborder=\"0\"\r\n            allowfullscreen><\/iframe>\r\n\r\n    <\/div>\r\n\r\n<\/body>\r\n\r\n<\/html>\t\t\t\t<\/div>\n\t\t\t\t<\/div>\n\t\t\t\t<div class=\"elementor-element elementor-element-c0a6469 elementor-widget elementor-widget-html\" data-id=\"c0a6469\" data-element_type=\"widget\" data-e-type=\"widget\" data-no-translation=\"\" data-widget_type=\"html.default\">\n\t\t\t\t<div class=\"elementor-widget-container\">\n\t\t\t\t\t<style>.elementor-element-c0a6469{display:none !important}<\/style>\t\t\t\t<\/div>\n\t\t\t\t<\/div>\n\t\t\t\t\t<\/div>\n\t\t<\/div>\n\t\t\t\t\t<\/div>\n\t\t<\/section>\n\t\t\t\t\t<\/div>\n\t\t<\/div>\n\t\t\t\t\t<\/div>\n\t\t<\/section>\n\t\t\t\t<section class=\"elementor-section elementor-top-section elementor-element elementor-element-3b855cec elementor-section-boxed elementor-section-height-default elementor-section-height-default\" data-id=\"3b855cec\" data-element_type=\"section\" data-e-type=\"section\">\n\t\t\t\t\t\t<div class=\"elementor-container elementor-column-gap-default\">\n\t\t\t\t\t<div class=\"elementor-column elementor-col-100 elementor-top-column elementor-element elementor-element-32f55b83\" data-id=\"32f55b83\" data-element_type=\"column\" data-e-type=\"column\">\n\t\t\t<div class=\"elementor-widget-wrap elementor-element-populated\">\n\t\t\t\t\t\t<div class=\"elementor-element elementor-element-5a359bd8 elementor-widget elementor-widget-spacer\" data-id=\"5a359bd8\" data-element_type=\"widget\" data-e-type=\"widget\" data-widget_type=\"spacer.default\">\n\t\t\t\t<div class=\"elementor-widget-container\">\n\t\t\t\t\t\t\t<div class=\"elementor-spacer\">\n\t\t\t<div class=\"elementor-spacer-inner\"><\/div>\n\t\t<\/div>\n\t\t\t\t\t\t<\/div>\n\t\t\t\t<\/div>\n\t\t\t\t\t<\/div>\n\t\t<\/div>\n\t\t\t\t\t<\/div>\n\t\t<\/section>\n\t\t\t\t<section class=\"elementor-section elementor-top-section elementor-element elementor-element-4e4efb76 elementor-section-boxed elementor-section-height-default elementor-section-height-default\" data-id=\"4e4efb76\" data-element_type=\"section\" data-e-type=\"section\">\n\t\t\t\t\t\t<div class=\"elementor-container elementor-column-gap-wider\">\n\t\t\t\t\t<div class=\"elementor-column elementor-col-100 elementor-top-column elementor-element elementor-element-4b4aea6b elementor-invisible\" data-id=\"4b4aea6b\" data-element_type=\"column\" data-e-type=\"column\" data-settings=\"{&quot;animation&quot;:&quot;fadeIn&quot;,&quot;animation_delay&quot;:500}\">\n\t\t\t<div class=\"elementor-widget-wrap elementor-element-populated\">\n\t\t\t\t\t\t<section class=\"elementor-section elementor-inner-section elementor-element elementor-element-ea7de93 elementor-section-boxed elementor-section-height-default elementor-section-height-default\" data-id=\"ea7de93\" data-element_type=\"section\" data-e-type=\"section\">\n\t\t\t\t\t\t<div class=\"elementor-container elementor-column-gap-default\">\n\t\t\t\t\t<div class=\"elementor-column elementor-col-50 elementor-inner-column elementor-element elementor-element-33eeebb\" data-id=\"33eeebb\" data-element_type=\"column\" data-e-type=\"column\">\n\t\t\t<div class=\"elementor-widget-wrap elementor-element-populated\">\n\t\t\t\t\t\t<div class=\"elementor-element elementor-element-6762b4e elementor-widget elementor-widget-heading\" data-id=\"6762b4e\" data-element_type=\"widget\" data-e-type=\"widget\" data-widget_type=\"heading.default\">\n\t\t\t\t<div class=\"elementor-widget-container\">\n\t\t\t\t\t<h2 class=\"elementor-heading-title elementor-size-default\">Generaci\u00f3n de valor<\/h2>\t\t\t\t<\/div>\n\t\t\t\t<\/div>\n\t\t\t\t\t<\/div>\n\t\t<\/div>\n\t\t\t\t<div class=\"elementor-column elementor-col-50 elementor-inner-column elementor-element elementor-element-a18c941\" data-id=\"a18c941\" data-element_type=\"column\" data-e-type=\"column\">\n\t\t\t<div class=\"elementor-widget-wrap\">\n\t\t\t\t\t\t\t<\/div>\n\t\t<\/div>\n\t\t\t\t\t<\/div>\n\t\t<\/section>\n\t\t\t\t<section class=\"elementor-section elementor-inner-section elementor-element elementor-element-d5ea653 elementor-section-boxed elementor-section-height-default elementor-section-height-default\" data-id=\"d5ea653\" data-element_type=\"section\" data-e-type=\"section\">\n\t\t\t\t\t\t<div class=\"elementor-container elementor-column-gap-default\">\n\t\t\t\t\t<div class=\"elementor-column elementor-col-50 elementor-inner-column elementor-element elementor-element-48da78b\" data-id=\"48da78b\" data-element_type=\"column\" data-e-type=\"column\">\n\t\t\t<div class=\"elementor-widget-wrap elementor-element-populated\">\n\t\t\t\t\t\t<div class=\"elementor-element elementor-element-48840ba elementor-widget elementor-widget-image\" data-id=\"48840ba\" data-element_type=\"widget\" data-e-type=\"widget\" data-widget_type=\"image.default\">\n\t\t\t\t<div class=\"elementor-widget-container\">\n\t\t\t\t\t\t\t\t\t\t\t\t\t\t\t<img decoding=\"async\" width=\"149\" height=\"141\" src=\"https:\/\/vinte.com\/wp-content\/uploads\/2022\/11\/com.png\" class=\"attachment-full size-full wp-image-10319\" alt=\"\" srcset=\"https:\/\/vinte.com\/wp-content\/uploads\/2022\/11\/com.png 149w, https:\/\/vinte.com\/wp-content\/uploads\/2022\/11\/com-13x12.png 13w\" sizes=\"(max-width: 149px) 100vw, 149px\" \/>\t\t\t\t\t\t\t\t\t\t\t\t\t\t\t<\/div>\n\t\t\t\t<\/div>\n\t\t\t\t<div class=\"elementor-element elementor-element-69b808d elementor-widget__width-auto elementor-widget elementor-widget-heading\" data-id=\"69b808d\" data-element_type=\"widget\" data-e-type=\"widget\" data-widget_type=\"heading.default\">\n\t\t\t\t<div class=\"elementor-widget-container\">\n\t\t\t\t\t<h2 class=\"elementor-heading-title elementor-size-default\">Compa\u00f1\u00eda<br>y Accionistas<\/h2>\t\t\t\t<\/div>\n\t\t\t\t<\/div>\n\t\t\t\t<div class=\"elementor-element elementor-element-63da0e8 elementor-widget elementor-widget-text-editor\" data-id=\"63da0e8\" data-element_type=\"widget\" data-e-type=\"widget\" data-widget_type=\"text-editor.default\">\n\t\t\t\t<div class=\"elementor-widget-container\">\n\t\t\t\t\t\t\t\t\t<ul><li><p>Crecimiento en ingresos del\u00a0 <b>~15% <\/b>anual en los \u00faltimos 13 a\u00f1os<\/p><\/li><li><p><b>+50% <\/b>de las ventas por recomendaci\u00f3n de clientes<\/p><\/li><li><p>ROE Promedio&gt; <b>19%<\/b> <b>en los \u00faltimos 14 a\u00f1os<\/b><\/p><\/li><li><p><b><\/b><b>Comportamiento superior del precio de la acci\u00f3n <\/b>que lleva pagando dividendos durante los \u00faltimos <b>14<\/b> a\u00f1os<\/p><\/li><\/ul>\t\t\t\t\t\t\t\t<\/div>\n\t\t\t\t<\/div>\n\t\t\t\t\t<\/div>\n\t\t<\/div>\n\t\t\t\t<div class=\"elementor-column elementor-col-50 elementor-inner-column elementor-element elementor-element-e0e5fbd\" data-id=\"e0e5fbd\" data-element_type=\"column\" data-e-type=\"column\">\n\t\t\t<div class=\"elementor-widget-wrap elementor-element-populated\">\n\t\t\t\t\t\t<div class=\"elementor-element elementor-element-481d139 elementor-widget elementor-widget-image\" data-id=\"481d139\" data-element_type=\"widget\" data-e-type=\"widget\" data-widget_type=\"image.default\">\n\t\t\t\t<div class=\"elementor-widget-container\">\n\t\t\t\t\t\t\t\t\t\t\t\t\t\t\t<img decoding=\"async\" width=\"149\" height=\"141\" src=\"https:\/\/vinte.com\/wp-content\/uploads\/2022\/11\/fin.png\" class=\"attachment-full size-full wp-image-10320\" alt=\"\" srcset=\"https:\/\/vinte.com\/wp-content\/uploads\/2022\/11\/fin.png 149w, https:\/\/vinte.com\/wp-content\/uploads\/2022\/11\/fin-13x12.png 13w\" sizes=\"(max-width: 149px) 100vw, 149px\" \/>\t\t\t\t\t\t\t\t\t\t\t\t\t\t\t<\/div>\n\t\t\t\t<\/div>\n\t\t\t\t<div class=\"elementor-element elementor-element-c0a64ad elementor-widget elementor-widget-heading\" data-id=\"c0a64ad\" data-element_type=\"widget\" data-e-type=\"widget\" data-widget_type=\"heading.default\">\n\t\t\t\t<div class=\"elementor-widget-container\">\n\t\t\t\t\t<h2 class=\"elementor-heading-title elementor-size-default\">Instituciones<br>Financieras<\/h2>\t\t\t\t<\/div>\n\t\t\t\t<\/div>\n\t\t\t\t<div class=\"elementor-element elementor-element-158e4f3 elementor-widget elementor-widget-text-editor\" data-id=\"158e4f3\" data-element_type=\"widget\" data-e-type=\"widget\" data-widget_type=\"text-editor.default\">\n\t\t\t\t<div class=\"elementor-widget-container\">\n\t\t\t\t\t\t\t\t\t<ul><li><p>Atractiva originaci\u00f3n de hipotecas con un s\u00f3lido valor de colateral basado en la <b>plusval\u00eda<\/b> y <b>baja cartera vencida<\/b><\/p><\/li><li><p><b><\/b><b>Calificaci\u00f3n ESG de Riesgo de <\/b><b>Vinte<\/b> (Sustainalytics) clasificado entre los m\u00e1s <b>bajos<\/b> de la industria<\/p><\/li><li><p><b>L\u00edneas de cr\u00e9dito <\/b>autorizadas con las principales instituciones financieras del pa\u00eds<\/p><\/li><\/ul>\t\t\t\t\t\t\t\t<\/div>\n\t\t\t\t<\/div>\n\t\t\t\t\t<\/div>\n\t\t<\/div>\n\t\t\t\t\t<\/div>\n\t\t<\/section>\n\t\t\t\t<section class=\"elementor-section elementor-inner-section elementor-element elementor-element-6d16ef5 elementor-section-boxed elementor-section-height-default elementor-section-height-default\" data-id=\"6d16ef5\" data-element_type=\"section\" data-e-type=\"section\">\n\t\t\t\t\t\t<div class=\"elementor-container elementor-column-gap-default\">\n\t\t\t\t\t<div class=\"elementor-column elementor-col-100 elementor-inner-column elementor-element elementor-element-a0ce04e\" data-id=\"a0ce04e\" data-element_type=\"column\" data-e-type=\"column\">\n\t\t\t<div class=\"elementor-widget-wrap elementor-element-populated\">\n\t\t\t\t\t\t<div class=\"elementor-element elementor-element-d88dbe4 elementor-widget elementor-widget-image\" data-id=\"d88dbe4\" data-element_type=\"widget\" data-e-type=\"widget\" data-widget_type=\"image.default\">\n\t\t\t\t<div class=\"elementor-widget-container\">\n\t\t\t\t\t\t\t\t\t\t\t\t\t\t\t<img fetchpriority=\"high\" decoding=\"async\" width=\"973\" height=\"955\" src=\"https:\/\/vinte.com\/wp-content\/uploads\/2022\/12\/vinte_modelob.jpg\" class=\"attachment-full size-full wp-image-10603\" alt=\"\" srcset=\"https:\/\/vinte.com\/wp-content\/uploads\/2022\/12\/vinte_modelob.jpg 973w, https:\/\/vinte.com\/wp-content\/uploads\/2022\/12\/vinte_modelob-300x294.jpg 300w, https:\/\/vinte.com\/wp-content\/uploads\/2022\/12\/vinte_modelob-768x754.jpg 768w, https:\/\/vinte.com\/wp-content\/uploads\/2022\/12\/vinte_modelob-12x12.jpg 12w\" sizes=\"(max-width: 973px) 100vw, 973px\" \/>\t\t\t\t\t\t\t\t\t\t\t\t\t\t\t<\/div>\n\t\t\t\t<\/div>\n\t\t\t\t\t<\/div>\n\t\t<\/div>\n\t\t\t\t\t<\/div>\n\t\t<\/section>\n\t\t\t\t<section class=\"elementor-section elementor-inner-section elementor-element elementor-element-527a069 elementor-section-boxed elementor-section-height-default elementor-section-height-default\" data-id=\"527a069\" data-element_type=\"section\" data-e-type=\"section\">\n\t\t\t\t\t\t<div class=\"elementor-container elementor-column-gap-default\">\n\t\t\t\t\t<div class=\"elementor-column elementor-col-50 elementor-inner-column elementor-element elementor-element-5576e2e\" data-id=\"5576e2e\" data-element_type=\"column\" data-e-type=\"column\">\n\t\t\t<div class=\"elementor-widget-wrap elementor-element-populated\">\n\t\t\t\t\t\t<div class=\"elementor-element elementor-element-0f9f981 elementor-widget elementor-widget-image\" data-id=\"0f9f981\" data-element_type=\"widget\" data-e-type=\"widget\" data-widget_type=\"image.default\">\n\t\t\t\t<div class=\"elementor-widget-container\">\n\t\t\t\t\t\t\t\t\t\t\t\t\t\t\t<img loading=\"lazy\" decoding=\"async\" width=\"149\" height=\"141\" src=\"https:\/\/vinte.com\/wp-content\/uploads\/2022\/11\/so.png\" class=\"attachment-full size-full wp-image-10318\" alt=\"\" srcset=\"https:\/\/vinte.com\/wp-content\/uploads\/2022\/11\/so.png 149w, https:\/\/vinte.com\/wp-content\/uploads\/2022\/11\/so-13x12.png 13w\" sizes=\"(max-width: 149px) 100vw, 149px\" \/>\t\t\t\t\t\t\t\t\t\t\t\t\t\t\t<\/div>\n\t\t\t\t<\/div>\n\t\t\t\t<div class=\"elementor-element elementor-element-1885f28 elementor-widget elementor-widget-heading\" data-id=\"1885f28\" data-element_type=\"widget\" data-e-type=\"widget\" data-widget_type=\"heading.default\">\n\t\t\t\t<div class=\"elementor-widget-container\">\n\t\t\t\t\t<h2 class=\"elementor-heading-title elementor-size-default\">Familias<\/h2>\t\t\t\t<\/div>\n\t\t\t\t<\/div>\n\t\t\t\t<div class=\"elementor-element elementor-element-153a020 elementor-widget elementor-widget-text-editor\" data-id=\"153a020\" data-element_type=\"widget\" data-e-type=\"widget\" data-widget_type=\"text-editor.default\">\n\t\t\t\t<div class=\"elementor-widget-container\">\n\t\t\t\t\t\t\t\t\t<ul><li><p>M\u00e1s de <b>52,812<\/b> viviendas escrituradas en un rango de MX$350k-MX$4.5m en todos los desarrollos<\/p><\/li><li><p><b>Dise\u00f1o integral <\/b>en todos los desarrollos<\/p><\/li><li><p>Dise\u00f1o sustentable que \u00a0contribuye a mejorar la \u00a0<b>calidad<\/b> <b>de<\/b><b> vida<\/b><\/p><\/li><li><p><b><\/b><b>Plusval\u00eda anual de 9.3% <\/b>en las viviendas<\/p><\/li><\/ul>\t\t\t\t\t\t\t\t<\/div>\n\t\t\t\t<\/div>\n\t\t\t\t\t<\/div>\n\t\t<\/div>\n\t\t\t\t<div class=\"elementor-column elementor-col-50 elementor-inner-column elementor-element elementor-element-4bdc668\" data-id=\"4bdc668\" data-element_type=\"column\" data-e-type=\"column\">\n\t\t\t<div class=\"elementor-widget-wrap elementor-element-populated\">\n\t\t\t\t\t\t<div class=\"elementor-element elementor-element-0e030ea elementor-widget elementor-widget-image\" data-id=\"0e030ea\" data-element_type=\"widget\" data-e-type=\"widget\" data-widget_type=\"image.default\">\n\t\t\t\t<div class=\"elementor-widget-container\">\n\t\t\t\t\t\t\t\t\t\t\t\t\t\t\t<img loading=\"lazy\" decoding=\"async\" width=\"149\" height=\"141\" src=\"https:\/\/vinte.com\/wp-content\/uploads\/2022\/11\/gob.png\" class=\"attachment-full size-full wp-image-10321\" alt=\"\" srcset=\"https:\/\/vinte.com\/wp-content\/uploads\/2022\/11\/gob.png 149w, https:\/\/vinte.com\/wp-content\/uploads\/2022\/11\/gob-13x12.png 13w\" sizes=\"(max-width: 149px) 100vw, 149px\" \/>\t\t\t\t\t\t\t\t\t\t\t\t\t\t\t<\/div>\n\t\t\t\t<\/div>\n\t\t\t\t<div class=\"elementor-element elementor-element-256c8ec elementor-widget elementor-widget-heading\" data-id=\"256c8ec\" data-element_type=\"widget\" data-e-type=\"widget\" data-widget_type=\"heading.default\">\n\t\t\t\t<div class=\"elementor-widget-container\">\n\t\t\t\t\t<h2 class=\"elementor-heading-title elementor-size-default\">Gobierno y Sociedad<\/h2>\t\t\t\t<\/div>\n\t\t\t\t<\/div>\n\t\t\t\t<div class=\"elementor-element elementor-element-4b9672c elementor-widget elementor-widget-text-editor\" data-id=\"4b9672c\" data-element_type=\"widget\" data-e-type=\"widget\" data-widget_type=\"text-editor.default\">\n\t\t\t\t<div class=\"elementor-widget-container\">\n\t\t\t\t\t\t\t\t\t<ul><li><p><b>Primer<\/b> desarrollador de viviendas en ofrecer casas con certificaci\u00f3n <b>EDGE (IFC)<\/b> en M\u00e9xico, con m\u00e1s de <b>+8,299<\/b> unidades certificadas<\/p><\/li><li><p>Desarrollo <b>de infraestructura con mejores est\u00e1ndares<\/b>, instalaciones educativas, comerciales y recreativas<\/p><\/li><li><p><b>Vida en armon\u00eda <\/b>y comunidad<\/p><\/li><li><p><b>754<\/b> aulas escolares, <b>7<\/b> cl\u00ednicas de salud, <b>2<\/b> hospitales, <b>9<\/b> plantas de tratamiento de agua y <b>92<\/b> <b>km<\/b> de vialidades construidas<\/p><\/li><\/ul>\t\t\t\t\t\t\t\t<\/div>\n\t\t\t\t<\/div>\n\t\t\t\t\t<\/div>\n\t\t<\/div>\n\t\t\t\t\t<\/div>\n\t\t<\/section>\n\t\t\t\t\t<\/div>\n\t\t<\/div>\n\t\t\t\t\t<\/div>\n\t\t<\/section>\n\t\t\t\t<section class=\"elementor-section elementor-top-section elementor-element elementor-element-24a8b9fb elementor-section-boxed elementor-section-height-default elementor-section-height-default\" data-id=\"24a8b9fb\" data-element_type=\"section\" data-e-type=\"section\">\n\t\t\t\t\t\t<div class=\"elementor-container elementor-column-gap-default\">\n\t\t\t\t\t<div class=\"elementor-column elementor-col-100 elementor-top-column elementor-element elementor-element-b01a85b\" data-id=\"b01a85b\" data-element_type=\"column\" data-e-type=\"column\">\n\t\t\t<div class=\"elementor-widget-wrap elementor-element-populated\">\n\t\t\t\t\t\t<div class=\"elementor-element elementor-element-4a029a8e elementor-widget elementor-widget-spacer\" data-id=\"4a029a8e\" data-element_type=\"widget\" data-e-type=\"widget\" data-widget_type=\"spacer.default\">\n\t\t\t\t<div class=\"elementor-widget-container\">\n\t\t\t\t\t\t\t<div class=\"elementor-spacer\">\n\t\t\t<div class=\"elementor-spacer-inner\"><\/div>\n\t\t<\/div>\n\t\t\t\t\t\t<\/div>\n\t\t\t\t<\/div>\n\t\t\t\t\t<\/div>\n\t\t<\/div>\n\t\t\t\t\t<\/div>\n\t\t<\/section>\n\t\t\t\t<\/div>\n\t\t","protected":false},"excerpt":{"rendered":"<p>VINTE\u00a0SUSTENTABLE Generaci\u00f3n de valor Compa\u00f1\u00eday Accionistas Crecimiento en ingresos del\u00a0 ~15% anual en los \u00faltimos 13 a\u00f1os +50% de las ventas por recomendaci\u00f3n de clientes ROE Promedio&gt; 19% en los \u00faltimos 14 a\u00f1os Comportamiento superior del precio de la acci\u00f3n que lleva pagando dividendos durante los \u00faltimos 14 a\u00f1os InstitucionesFinancieras Atractiva originaci\u00f3n de hipotecas con [&hellip;]<\/p>\n","protected":false},"author":3,"featured_media":0,"parent":0,"menu_order":0,"comment_status":"closed","ping_status":"closed","template":"","meta":{"ocean_post_layout":"full-width","ocean_both_sidebars_style":"","ocean_both_sidebars_content_width":0,"ocean_both_sidebars_sidebars_width":0,"ocean_sidebar":"0","ocean_second_sidebar":"0","ocean_disable_margins":"on","ocean_add_body_class":"","ocean_shortcode_before_top_bar":"","ocean_shortcode_after_top_bar":"","ocean_shortcode_before_header":"","ocean_shortcode_after_header":"","ocean_has_shortcode":"","ocean_shortcode_after_title":"","ocean_shortcode_before_footer_widgets":"","ocean_shortcode_after_footer_widgets":"","ocean_shortcode_before_footer_bottom":"","ocean_shortcode_after_footer_bottom":"","ocean_display_top_bar":"default","ocean_display_header":"default","ocean_header_style":"","ocean_center_header_left_menu":"0","ocean_custom_header_template":"0","ocean_custom_logo":0,"ocean_custom_retina_logo":0,"ocean_custom_logo_max_width":0,"ocean_custom_logo_tablet_max_width":0,"ocean_custom_logo_mobile_max_width":0,"ocean_custom_logo_max_height":0,"ocean_custom_logo_tablet_max_height":0,"ocean_custom_logo_mobile_max_height":0,"ocean_header_custom_menu":"0","ocean_menu_typo_font_family":"0","ocean_menu_typo_font_subset":"","ocean_menu_typo_font_size":0,"ocean_menu_typo_font_size_tablet":0,"ocean_menu_typo_font_size_mobile":0,"ocean_menu_typo_font_size_unit":"px","ocean_menu_typo_font_weight":"","ocean_menu_typo_font_weight_tablet":"","ocean_menu_typo_font_weight_mobile":"","ocean_menu_typo_transform":"","ocean_menu_typo_transform_tablet":"","ocean_menu_typo_transform_mobile":"","ocean_menu_typo_line_height":0,"ocean_menu_typo_line_height_tablet":0,"ocean_menu_typo_line_height_mobile":0,"ocean_menu_typo_line_height_unit":"","ocean_menu_typo_spacing":0,"ocean_menu_typo_spacing_tablet":0,"ocean_menu_typo_spacing_mobile":0,"ocean_menu_typo_spacing_unit":"","ocean_menu_link_color":"","ocean_menu_link_color_hover":"","ocean_menu_link_color_active":"","ocean_menu_link_background":"","ocean_menu_link_hover_background":"","ocean_menu_link_active_background":"","ocean_menu_social_links_bg":"","ocean_menu_social_hover_links_bg":"","ocean_menu_social_links_color":"","ocean_menu_social_hover_links_color":"","ocean_disable_title":"on","ocean_disable_heading":"default","ocean_post_title":"","ocean_post_subheading":"","ocean_post_title_style":"background-image","ocean_post_title_background_color":"#c6c6c6","ocean_post_title_background":365,"ocean_post_title_bg_image_position":"center center","ocean_post_title_bg_image_attachment":"fixed","ocean_post_title_bg_image_repeat":"no-repeat","ocean_post_title_bg_image_size":"cover","ocean_post_title_height":300,"ocean_post_title_bg_overlay":0.6,"ocean_post_title_bg_overlay_color":"","ocean_disable_breadcrumbs":"off","ocean_breadcrumbs_color":"","ocean_breadcrumbs_separator_color":"","ocean_breadcrumbs_links_color":"","ocean_breadcrumbs_links_hover_color":"","ocean_display_footer_widgets":"default","ocean_display_footer_bottom":"default","ocean_custom_footer_template":"0","footnotes":""},"class_list":["post-9933","page","type-page","status-publish","hentry","entry"],"_links":{"self":[{"href":"https:\/\/vinte.com\/es\/wp-json\/wp\/v2\/pages\/9933","targetHints":{"allow":["GET"]}}],"collection":[{"href":"https:\/\/vinte.com\/es\/wp-json\/wp\/v2\/pages"}],"about":[{"href":"https:\/\/vinte.com\/es\/wp-json\/wp\/v2\/types\/page"}],"author":[{"embeddable":true,"href":"https:\/\/vinte.com\/es\/wp-json\/wp\/v2\/users\/3"}],"replies":[{"embeddable":true,"href":"https:\/\/vinte.com\/es\/wp-json\/wp\/v2\/comments?post=9933"}],"version-history":[{"count":3,"href":"https:\/\/vinte.com\/es\/wp-json\/wp\/v2\/pages\/9933\/revisions"}],"predecessor-version":[{"id":14054,"href":"https:\/\/vinte.com\/es\/wp-json\/wp\/v2\/pages\/9933\/revisions\/14054"}],"wp:attachment":[{"href":"https:\/\/vinte.com\/es\/wp-json\/wp\/v2\/media?parent=9933"}],"curies":[{"name":"wp","href":"https:\/\/api.w.org\/{rel}","templated":true}]}}