{"id":15168,"date":"2025-10-04T12:31:27","date_gmt":"2025-10-04T18:31:27","guid":{"rendered":"https:\/\/vinte.com\/?page_id=15168"},"modified":"2025-10-06T12:11:18","modified_gmt":"2025-10-06T18:11:18","slug":"linea-de-tiempo-vinte","status":"publish","type":"page","link":"https:\/\/vinte.com\/en\/linea-de-tiempo-vinte\/","title":{"rendered":"Vinte Timeline"},"content":{"rendered":"<div data-elementor-type=\"wp-post\" data-elementor-id=\"15168\" class=\"elementor elementor-15168\" data-elementor-post-type=\"page\">\n\t\t\t\t\t\t<section class=\"elementor-section elementor-top-section elementor-element elementor-element-1d6da69d elementor-section-stretched elementor-section-height-min-height elementor-section-boxed elementor-section-height-default elementor-section-items-middle elementor-invisible\" data-id=\"1d6da69d\" data-element_type=\"section\" data-e-type=\"section\" data-settings=\"{&quot;stretch_section&quot;:&quot;section-stretched&quot;,&quot;background_background&quot;:&quot;classic&quot;,&quot;animation&quot;:&quot;fadeIn&quot;,&quot;animation_delay&quot;:500}\">\n\t\t\t\t\t\t\t<div class=\"elementor-background-overlay\"><\/div>\n\t\t\t\t\t\t\t<div class=\"elementor-container elementor-column-gap-wide\">\n\t\t\t\t\t<div class=\"elementor-column elementor-col-100 elementor-top-column elementor-element elementor-element-69590fce\" data-id=\"69590fce\" data-element_type=\"column\" data-e-type=\"column\">\n\t\t\t<div class=\"elementor-widget-wrap elementor-element-populated\">\n\t\t\t\t\t\t<div class=\"elementor-element elementor-element-61777d23 elementor-widget elementor-widget-spacer\" data-id=\"61777d23\" data-element_type=\"widget\" data-e-type=\"widget\" data-widget_type=\"spacer.default\">\n\t\t\t\t<div class=\"elementor-widget-container\">\n\t\t\t\t\t\t\t<div class=\"elementor-spacer\">\n\t\t\t<div class=\"elementor-spacer-inner\"><\/div>\n\t\t<\/div>\n\t\t\t\t\t\t<\/div>\n\t\t\t\t<\/div>\n\t\t\t\t<section class=\"elementor-section elementor-inner-section elementor-element elementor-element-33386ead elementor-section-content-middle elementor-section-boxed elementor-section-height-default elementor-section-height-default\" data-id=\"33386ead\" data-element_type=\"section\" data-e-type=\"section\">\n\t\t\t\t\t\t<div class=\"elementor-container elementor-column-gap-default\">\n\t\t\t\t\t<div class=\"elementor-column elementor-col-50 elementor-inner-column elementor-element elementor-element-1451a668\" data-id=\"1451a668\" data-element_type=\"column\" data-e-type=\"column\">\n\t\t\t<div class=\"elementor-widget-wrap elementor-element-populated\">\n\t\t\t\t\t\t<div class=\"elementor-element elementor-element-2ecce38d elementor-widget elementor-widget-heading\" data-id=\"2ecce38d\" data-element_type=\"widget\" data-e-type=\"widget\" data-widget_type=\"heading.default\">\n\t\t\t\t<div class=\"elementor-widget-container\">\n\t\t\t\t\t<h2 class=\"elementor-heading-title elementor-size-default\">Vinte Timeline<\/h2>\t\t\t\t<\/div>\n\t\t\t\t<\/div>\n\t\t\t\t\t<\/div>\n\t\t<\/div>\n\t\t\t\t<div class=\"elementor-column elementor-col-50 elementor-inner-column elementor-element elementor-element-65e4a88\" data-id=\"65e4a88\" data-element_type=\"column\" data-e-type=\"column\">\n\t\t\t<div class=\"elementor-widget-wrap elementor-element-populated\">\n\t\t\t\t\t\t<div class=\"elementor-element elementor-element-23e52b4 elementor-widget elementor-widget-html\" data-id=\"23e52b4\" data-element_type=\"widget\" data-e-type=\"widget\" data-no-translation=\"\" data-widget_type=\"html.default\">\n\t\t\t\t<div class=\"elementor-widget-container\">\n\t\t\t\t\t<style>.elementor-element-23e52b4{display:none !important}<\/style>\t\t\t\t<\/div>\n\t\t\t\t<\/div>\n\t\t\t\t<div class=\"elementor-element elementor-element-7af5687 elementor-widget elementor-widget-html\" data-id=\"7af5687\" data-element_type=\"widget\" data-e-type=\"widget\" data-no-translation=\"\" data-widget_type=\"html.default\">\n\t\t\t\t<div class=\"elementor-widget-container\">\n\t\t\t\t\t<html>\r\n\r\n<head>\r\n    \r\n<\/head>\r\n\r\n<body>\r\n    <div class=\"video\">\r\n        <iframe id=\"EurolandToolID\" width=\"100%\"\r\n           height=\"350\"\r\n            scrolling=\"no\" frameborder=\"0\" src=\"https:\/\/tools.eurolandir.com\/tools\/ticker\/html\/?companycode=mx-vinte&lang=en-gb\" allowfullscreen><\/iframe>\r\n\r\n    <\/div>\r\n\r\n<\/body>\r\n\r\n<\/html>\t\t\t\t<\/div>\n\t\t\t\t<\/div>\n\t\t\t\t\t<\/div>\n\t\t<\/div>\n\t\t\t\t\t<\/div>\n\t\t<\/section>\n\t\t\t\t\t<\/div>\n\t\t<\/div>\n\t\t\t\t\t<\/div>\n\t\t<\/section>\n\t\t\t\t<section class=\"elementor-section elementor-top-section elementor-element elementor-element-b4b5f01 elementor-section-boxed elementor-section-height-default elementor-section-height-default\" data-id=\"b4b5f01\" data-element_type=\"section\" data-e-type=\"section\">\n\t\t\t\t\t\t<div class=\"elementor-container elementor-column-gap-default\">\n\t\t\t\t\t<div class=\"elementor-column elementor-col-100 elementor-top-column elementor-element elementor-element-761854f\" data-id=\"761854f\" data-element_type=\"column\" data-e-type=\"column\">\n\t\t\t<div class=\"elementor-widget-wrap elementor-element-populated\">\n\t\t\t\t\t\t<div class=\"elementor-element elementor-element-bbf9ec7 elementor-widget elementor-widget-eael-content-timeline\" data-id=\"bbf9ec7\" data-element_type=\"widget\" data-e-type=\"widget\" data-widget_type=\"eael-content-timeline.default\">\n\t\t\t\t<div class=\"elementor-widget-container\">\n\t\t\t\t\t\t\t<div id=\"eael-content-timeline-bbf9ec7\" class=\"content-timeline-layout-center date-position- horizontal-timeline-wrapper\" data-slide_to_scroll=\"{&quot;desktop&quot;:1,&quot;mobile&quot;:1,&quot;tablet&quot;:1}\">\n\t\t\t<div class=\"eael-content-timeline-container\">\n\t\t\t\t<div class=\"eael-content-timeline-container\">\n\t\t\t\t\t\t\t\t\t\t\t\t\t\t\t\t\t\t\t\t\t\t\t<div class=\"eael-content-timeline-block\">\n    <div class=\"eael-content-timeline-line\">\n        <div class=\"eael-content-timeline-inner\"><\/div>\n    <\/div>\n    <div class=\"eael-content-timeline-img eael-picture\"><img decoding=\"async\" src=\"https:\/\/vinte.com\/wp-content\/uploads\/2025\/10\/ico-vinte.png\" style=\"width: 24px\" alt=\"\t\t\t\"><\/div><div class=\"eael-content-timeline-content\"><h2 class=\"eael-timeline-title\"><\/h2><div class=\"eael-timeline-excerpt\"><ul><li>Founding and start of operations of Vinte.<\/li><\/ul><\/div><span class=\"eael-date\">2001<\/span><\/div><\/div>\t\t\t\t\t\t\t\t\t\t\t\t\t\t\t\t\t\t<div class=\"eael-content-timeline-block\">\n    <div class=\"eael-content-timeline-line\">\n        <div class=\"eael-content-timeline-inner\"><\/div>\n    <\/div>\n    <div class=\"eael-content-timeline-img eael-picture\"><img decoding=\"async\" src=\"https:\/\/vinte.com\/wp-content\/uploads\/2025\/10\/ico-vinte.png\" style=\"width: 24px\" alt=\"\t\t\t\"><\/div><div class=\"eael-content-timeline-content\"><h2 class=\"eael-timeline-title\"><\/h2><div class=\"eael-timeline-excerpt\"><ul><li>Delivery of the first home in Real del Sol.<\/li><\/ul><\/div><span class=\"eael-date\">2003<\/span><\/div><\/div>\t\t\t\t\t\t\t\t\t\t\t\t\t\t\t\t\t\t<div class=\"eael-content-timeline-block\">\n    <div class=\"eael-content-timeline-line\">\n        <div class=\"eael-content-timeline-inner\"><\/div>\n    <\/div>\n    <div class=\"eael-content-timeline-img eael-picture\"><img decoding=\"async\" src=\"https:\/\/vinte.com\/wp-content\/uploads\/2025\/10\/ico-vinte.png\" style=\"width: 24px\" alt=\"\t\t\t\"><\/div><div class=\"eael-content-timeline-content\"><h2 class=\"eael-timeline-title\"><\/h2><div class=\"eael-timeline-excerpt\"><ul><li>National Housing Award: Best Housing Practice, Special Mention in Best Practices.<\/li><li>Pioneer of the digital mortgage.<\/li><li>Partnerships with Intel, Microsoft, INFONAVIT, and INEA to include computers and internet access in homes.\u00a0<\/li><\/ul><\/div><span class=\"eael-date\">2005<\/span><\/div><\/div>\t\t\t\t\t\t\t\t\t\t\t\t\t\t\t\t\t\t<div class=\"eael-content-timeline-block\">\n    <div class=\"eael-content-timeline-line\">\n        <div class=\"eael-content-timeline-inner\"><\/div>\n    <\/div>\n    <div class=\"eael-content-timeline-img eael-picture\"><img decoding=\"async\" src=\"https:\/\/vinte.com\/wp-content\/uploads\/2025\/10\/ico-vinte.png\" style=\"width: 24px\" alt=\"\t\t\t\"><\/div><div class=\"eael-content-timeline-content\"><h2 class=\"eael-timeline-title\"><\/h2><div class=\"eael-timeline-excerpt\"><ul><li>National Housing Award: Best Housing Practice, Special Mention in Best Practices.<\/li><li>VINTE Model Study conducted by the Universities of California and Manchester.<\/li><li>Access to R&amp;D funding for applied housing innovation (CONACYT).<\/li><\/ul><\/div><span class=\"eael-date\">2006<\/span><\/div><\/div>\t\t\t\t\t\t\t\t\t\t\t\t\t\t\t\t\t\t<div class=\"eael-content-timeline-block\">\n    <div class=\"eael-content-timeline-line\">\n        <div class=\"eael-content-timeline-inner\"><\/div>\n    <\/div>\n    <div class=\"eael-content-timeline-img eael-picture\"><img decoding=\"async\" src=\"https:\/\/vinte.com\/wp-content\/uploads\/2025\/10\/ico-vinte.png\" style=\"width: 24px\" alt=\"\t\t\t\"><\/div><div class=\"eael-content-timeline-content\"><h2 class=\"eael-timeline-title\"><\/h2><div class=\"eael-timeline-excerpt\"><ul><li>National Housing Award: Best Executed Project, Special Mention in Accessibility.<\/li><\/ul><\/div><span class=\"eael-date\">2007<\/span><\/div><\/div>\t\t\t\t\t\t\t\t\t\t\t\t\t\t\t\t\t\t<div class=\"eael-content-timeline-block\">\n    <div class=\"eael-content-timeline-line\">\n        <div class=\"eael-content-timeline-inner\"><\/div>\n    <\/div>\n    <div class=\"eael-content-timeline-img eael-picture\"><img decoding=\"async\" src=\"https:\/\/vinte.com\/wp-content\/uploads\/2025\/10\/ico-vinte.png\" style=\"width: 24px\" alt=\"\t\t\t\"><\/div><div class=\"eael-content-timeline-content\"><h2 class=\"eael-timeline-title\"><\/h2><div class=\"eael-timeline-excerpt\"><ul><li>National Housing Award: Best Executed Project.<\/li><li>IFC direct investment representing 10.6% of share capital.<\/li><li>Pioneer of the Green Mortgage.\u00a0<\/li><\/ul><\/div><span class=\"eael-date\">2008<\/span><\/div><\/div>\t\t\t\t\t\t\t\t\t\t\t\t\t\t\t\t\t\t<div class=\"eael-content-timeline-block\">\n    <div class=\"eael-content-timeline-line\">\n        <div class=\"eael-content-timeline-inner\"><\/div>\n    <\/div>\n    <div class=\"eael-content-timeline-img eael-picture\"><img decoding=\"async\" src=\"https:\/\/vinte.com\/wp-content\/uploads\/2025\/10\/ico-vinte.png\" style=\"width: 24px\" alt=\"\t\t\t\"><\/div><div class=\"eael-content-timeline-content\"><h2 class=\"eael-timeline-title\"><\/h2><div class=\"eael-timeline-excerpt\"><ul><li>National Housing Award: Best Executed Project.<\/li><li>Vinte joins the Expansi\u00f3n 500 ranking.<\/li><\/ul><\/div><span class=\"eael-date\">2009<\/span><\/div><\/div>\t\t\t\t\t\t\t\t\t\t\t\t\t\t\t\t\t\t<div class=\"eael-content-timeline-block\">\n    <div class=\"eael-content-timeline-line\">\n        <div class=\"eael-content-timeline-inner\"><\/div>\n    <\/div>\n    <div class=\"eael-content-timeline-img eael-picture\"><img decoding=\"async\" src=\"https:\/\/vinte.com\/wp-content\/uploads\/2025\/10\/ico-vinte.png\" style=\"width: 24px\" alt=\"\t\t\t\"><\/div><div class=\"eael-content-timeline-content\"><h2 class=\"eael-timeline-title\"><\/h2><div class=\"eael-timeline-excerpt\"><ul><li>National Housing Award: Sustainable Housing Development.<\/li><li>Ernst &amp; Young: Entrepreneurial Leader in the Housing Sector.<\/li><\/ul><\/div><span class=\"eael-date\">2010<\/span><\/div><\/div>\t\t\t\t\t\t\t\t\t\t\t\t\t\t\t\t\t\t<div class=\"eael-content-timeline-block\">\n    <div class=\"eael-content-timeline-line\">\n        <div class=\"eael-content-timeline-inner\"><\/div>\n    <\/div>\n    <div class=\"eael-content-timeline-img eael-picture\"><img decoding=\"async\" src=\"https:\/\/vinte.com\/wp-content\/uploads\/2025\/10\/ico-vinte.png\" style=\"width: 24px\" alt=\"\t\t\t\"><\/div><div class=\"eael-content-timeline-content\"><h2 class=\"eael-timeline-title\"><\/h2><div class=\"eael-timeline-excerpt\"><ul><li>International Construction Trophy: New Millennium Award.<\/li><li>First bond issuance for 100 million pesos with a 5-year maturity.<\/li><\/ul><\/div><span class=\"eael-date\">2011<\/span><\/div><\/div>\t\t\t\t\t\t\t\t\t\t\t\t\t\t\t\t\t\t<div class=\"eael-content-timeline-block\">\n    <div class=\"eael-content-timeline-line\">\n        <div class=\"eael-content-timeline-inner\"><\/div>\n    <\/div>\n    <div class=\"eael-content-timeline-img eael-picture\"><img decoding=\"async\" src=\"https:\/\/vinte.com\/wp-content\/uploads\/2025\/10\/ico-vinte.png\" style=\"width: 24px\" alt=\"\t\t\t\"><\/div><div class=\"eael-content-timeline-content\"><h2 class=\"eael-timeline-title\"><\/h2><div class=\"eael-timeline-excerpt\"><ul><li>Inclusive Business Leaders Award \u2013 Tokyo, Japan.<\/li><li>First EDGE (Excellence in Design for Greater Efficiencies) home certifications granted by the IFC.<\/li><li>Winner of the G20 Challenge on Inclusive Innovation.<\/li><\/ul><\/div><span class=\"eael-date\">2012<\/span><\/div><\/div>\t\t\t\t\t\t\t\t\t\t\t\t\t\t\t\t\t\t<div class=\"eael-content-timeline-block\">\n    <div class=\"eael-content-timeline-line\">\n        <div class=\"eael-content-timeline-inner\"><\/div>\n    <\/div>\n    <div class=\"eael-content-timeline-img eael-picture\"><img decoding=\"async\" src=\"https:\/\/vinte.com\/wp-content\/uploads\/2025\/10\/ico-vinte.png\" style=\"width: 24px\" alt=\"\t\t\t\"><\/div><div class=\"eael-content-timeline-content\"><h2 class=\"eael-timeline-title\"><\/h2><div class=\"eael-timeline-excerpt\"><ul><li>National Housing Award: Sustainable Housing Development.<\/li><li>2013 Inclusive Business Award given by the IFC.<\/li><li>State Urban Development and Housing Award \u2013 Quintana Roo.<\/li><li>CII: Equity investment representing 5% of Vinte\u2019s capital.<\/li><\/ul><\/div><span class=\"eael-date\">2013<\/span><\/div><\/div>\t\t\t\t\t\t\t\t\t\t\t\t\t\t\t\t\t\t<div class=\"eael-content-timeline-block\">\n    <div class=\"eael-content-timeline-line\">\n        <div class=\"eael-content-timeline-inner\"><\/div>\n    <\/div>\n    <div class=\"eael-content-timeline-img eael-picture\"><img decoding=\"async\" src=\"https:\/\/vinte.com\/wp-content\/uploads\/2025\/10\/ico-vinte.png\" style=\"width: 24px\" alt=\"\t\t\t\"><\/div><div class=\"eael-content-timeline-content\"><h2 class=\"eael-timeline-title\"><\/h2><div class=\"eael-timeline-excerpt\"><ul><li>Two National Housing Awards: Sustainable Housing Development and Social Housing.<\/li><li>Joint Venture with OHL Desarrollos for the Ciudad Mayakoba project in Playa del Carmen, Quintana Roo.<\/li><\/ul><\/div><span class=\"eael-date\">2014<\/span><\/div><\/div>\t\t\t\t\t\t\t\t\t\t\t\t\t\t\t\t\t\t<div class=\"eael-content-timeline-block\">\n    <div class=\"eael-content-timeline-line\">\n        <div class=\"eael-content-timeline-inner\"><\/div>\n    <\/div>\n    <div class=\"eael-content-timeline-img eael-picture\"><img decoding=\"async\" src=\"https:\/\/vinte.com\/wp-content\/uploads\/2025\/10\/ico-vinte.png\" style=\"width: 24px\" alt=\"\t\t\t\"><\/div><div class=\"eael-content-timeline-content\"><h2 class=\"eael-timeline-title\"><\/h2><div class=\"eael-timeline-excerpt\"><ul><li>Global public offering on the Mexican Stock Exchange (BMV) for 1.2 billion pesos.<\/li><\/ul><\/div><span class=\"eael-date\">2016<\/span><\/div><\/div>\t\t\t\t\t\t\t\t\t\t\t\t\t\t\t\t\t\t<div class=\"eael-content-timeline-block\">\n    <div class=\"eael-content-timeline-line\">\n        <div class=\"eael-content-timeline-inner\"><\/div>\n    <\/div>\n    <div class=\"eael-content-timeline-img eael-picture\"><img decoding=\"async\" src=\"https:\/\/vinte.com\/wp-content\/uploads\/2025\/10\/ico-vinte.png\" style=\"width: 24px\" alt=\"\t\t\t\"><\/div><div class=\"eael-content-timeline-content\"><h2 class=\"eael-timeline-title\"><\/h2><div class=\"eael-timeline-excerpt\"><ul><li>Debt issuance for 500 million pesos on the BMV with 5- and 10-year maturities.<\/li><\/ul><\/div><span class=\"eael-date\">2017<\/span><\/div><\/div>\t\t\t\t\t\t\t\t\t\t\t\t\t\t\t\t\t\t<div class=\"eael-content-timeline-block\">\n    <div class=\"eael-content-timeline-line\">\n        <div class=\"eael-content-timeline-inner\"><\/div>\n    <\/div>\n    <div class=\"eael-content-timeline-img eael-picture\"><img decoding=\"async\" src=\"https:\/\/vinte.com\/wp-content\/uploads\/2025\/10\/ico-vinte.png\" style=\"width: 24px\" alt=\"\t\t\t\"><\/div><div class=\"eael-content-timeline-content\"><h2 class=\"eael-timeline-title\"><\/h2><div class=\"eael-timeline-excerpt\"><ul><li>Issuance of the first Sustainable Bond by a housing developer in Latin America on the BMV, with a 7-year maturity.<\/li><\/ul><\/div><span class=\"eael-date\">2018<\/span><\/div><\/div>\t\t\t\t\t\t\t\t\t\t\t\t\t\t\t\t\t\t<div class=\"eael-content-timeline-block\">\n    <div class=\"eael-content-timeline-line\">\n        <div class=\"eael-content-timeline-inner\"><\/div>\n    <\/div>\n    <div class=\"eael-content-timeline-img eael-picture\"><img decoding=\"async\" src=\"https:\/\/vinte.com\/wp-content\/uploads\/2025\/10\/ico-vinte.png\" style=\"width: 24px\" alt=\"\t\t\t\"><\/div><div class=\"eael-content-timeline-content\"><h2 class=\"eael-timeline-title\"><\/h2><div class=\"eael-timeline-excerpt\"><ul><li>National Housing Award: Sustainable Housing Development.<\/li><li>Issuance of two Sustainable Bonds for 700 million pesos on World Environment Day.<\/li><li>Subscription of ordinary shares for 350 million pesos.<\/li><li>Included in Fortune\u2019s Change the World List.<\/li><li>Equity subscription and entry of Proparco as a new shareholder with 6.9% ownership in the company.<\/li><li>Acquisition of an additional 25% stake in Jardines de Ciudad Mayakoba.<\/li><\/ul><\/div><span class=\"eael-date\">2019<\/span><\/div><\/div>\t\t\t\t\t\t\t\t\t\t\t\t\t\t\t\t\t\t<div class=\"eael-content-timeline-block\">\n    <div class=\"eael-content-timeline-line\">\n        <div class=\"eael-content-timeline-inner\"><\/div>\n    <\/div>\n    <div class=\"eael-content-timeline-img eael-picture\"><img decoding=\"async\" src=\"https:\/\/vinte.com\/wp-content\/uploads\/2025\/10\/ico-vinte.png\" style=\"width: 24px\" alt=\"\t\t\t\"><\/div><div class=\"eael-content-timeline-content\"><h2 class=\"eael-timeline-title\"><\/h2><div class=\"eael-timeline-excerpt\"><ul><li>National Housing Award: Sustainable Housing Development 2019\u20132020 for the Casa Cero Gas project.<\/li><li>P4G State of the Art Partnership Award. Efficient Housing Initiative.<\/li><li>Issuance of the first Sustainable Bond aligned with the UNDP SDG Impact Standards for SDG Bonds.<\/li><li>Equity subscription and entry of the Danish Sustainable Development Goals Investment Fund, managed by Impact Fund Denmark, with a 6.6% ownership stake, focusing on sustainable impact investments aligned with the SDGs.<\/li><\/ul><\/div><span class=\"eael-date\">2020<\/span><\/div><\/div>\t\t\t\t\t\t\t\t\t\t\t\t\t\t\t\t\t\t<div class=\"eael-content-timeline-block\">\n    <div class=\"eael-content-timeline-line\">\n        <div class=\"eael-content-timeline-inner\"><\/div>\n    <\/div>\n    <div class=\"eael-content-timeline-img eael-picture\"><img decoding=\"async\" src=\"https:\/\/vinte.com\/wp-content\/uploads\/2025\/10\/ico-vinte.png\" style=\"width: 24px\" alt=\"\t\t\t\"><\/div><div class=\"eael-content-timeline-content\"><h2 class=\"eael-timeline-title\"><\/h2><div class=\"eael-timeline-excerpt\"><ul><li>Recognized by Sustainalytics as a top ESG-rated regional company.<\/li><li>Recognized by Environmental Finance with two Impact \/ Investment Awards of the Year in the Water and Real Estate categories.<\/li><\/ul><\/div><span class=\"eael-date\">2022<\/span><\/div><\/div>\t\t\t\t\t\t\t\t\t\t\t\t\t\t\t\t\t\t<div class=\"eael-content-timeline-block\">\n    <div class=\"eael-content-timeline-line\">\n        <div class=\"eael-content-timeline-inner\"><\/div>\n    <\/div>\n    <div class=\"eael-content-timeline-img eael-picture\"><img decoding=\"async\" src=\"https:\/\/vinte.com\/wp-content\/uploads\/2025\/10\/ico-vinte.png\" style=\"width: 24px\" alt=\"\t\t\t\"><\/div><div class=\"eael-content-timeline-content\"><h2 class=\"eael-timeline-title\"><\/h2><div class=\"eael-timeline-excerpt\"><ul><li>Xante awarded 1st place in the Proptech category at the GRI Club Awards Mexico 2023.<\/li><li>Issuance of Sustainable &amp; SDG Bonds with 5-year maturities for 1,500 million pesos, with IDB Invest as anchor investor.<\/li><\/ul><\/div><span class=\"eael-date\">2023<\/span><\/div><\/div>\t\t\t\t\t\t\t\t\t\t\t\t\t\t\t\t\t\t<div class=\"eael-content-timeline-block\">\n    <div class=\"eael-content-timeline-line\">\n        <div class=\"eael-content-timeline-inner\"><\/div>\n    <\/div>\n    <div class=\"eael-content-timeline-img eael-picture\"><img decoding=\"async\" src=\"https:\/\/vinte.com\/wp-content\/uploads\/2025\/10\/ico-vinte.png\" style=\"width: 24px\" alt=\"\t\t\t\"><\/div><div class=\"eael-content-timeline-content\"><h2 class=\"eael-timeline-title\"><\/h2><div class=\"eael-timeline-excerpt\"><ul><li>Environmental Finance <em>award for<\/em> the VINTE 23X SDG bond as Social Project Bond of the Year, and <em>Latin Finance<\/em> recognition for Social Infrastructure Financing of the Year.<\/li><li>Acquisition of 99.95% of Javer, with total equity valued at 4.290 billion pesos.<\/li><li>Equity subscription of 1,911 million pesos and acquisition debt of 2,450 million pesos, financed by current and new institutional investors of Vinte.<\/li><li>Issuance of Sustainable &amp; SDG Bond with a 7-year maturity for 500 million pesos, with DEG as anchor investor.<\/li><li>Achievement of 17,000 cumulative EDGE-certified homes and recognition as an EDGE Champion by the IFC.<\/li><\/ul><\/div><span class=\"eael-date\">2024<\/span><\/div><\/div>\t\t\t\t\t\t\t\t\t\t\t\t\t\t\t\t\t\t<div class=\"eael-content-timeline-block\">\n    <div class=\"eael-content-timeline-line\">\n        <div class=\"eael-content-timeline-inner\"><\/div>\n    <\/div>\n    <div class=\"eael-content-timeline-img eael-picture\"><img decoding=\"async\" src=\"https:\/\/vinte.com\/wp-content\/uploads\/2025\/10\/ico-vinte.png\" style=\"width: 24px\" alt=\"\t\t\t\"><\/div><div class=\"eael-content-timeline-content\"><h2 class=\"eael-timeline-title\"><\/h2><div class=\"eael-timeline-excerpt\"><ul><li>Two Environmental Finance awards: the VINTE 24X SDG bond recognized as Sustainable Corporate Bond of the Year, and the IFC acquisition loan for Javer recognized as Sustainability-Linked Corporate Loan of the Year in the Americas.<\/li><li>Placement of two green bonds totaling 2.5 billion pesos, with investors including DEG and the LAGreen Fund, managed by Finance in Motion.<\/li><\/ul><\/div><span class=\"eael-date\">2025<\/span><\/div><\/div>\t\t\t\t<\/div>\n\t\t\t<\/div>\n\t\t<\/div>\n\t\t\t\t\t<\/div>\n\t\t\t\t<\/div>\n\t\t\t\t\t<\/div>\n\t\t<\/div>\n\t\t\t\t\t<\/div>\n\t\t<\/section>\n\t\t\t\t<\/div>","protected":false},"excerpt":{"rendered":"<p>L\u00ednea de Tiempo Vinte Fundaci\u00f3n e inicio de operaciones de Vinte. 2001 Primera vivienda entregada en Real del Sol. 2003 Primer Premio Nacional de Vivienda: Mejor Pr\u00e1ctica de Vivienda, Menci\u00f3n Especial en Mejores Pr\u00e1cticas. Precursor de la hipoteca digital. Alianzas con Intel, Microsoft, INFONAVIT e INEA para incluir computadora e internet en la vivienda.\u00a0 2005 [&hellip;]<\/p>\n","protected":false},"author":20,"featured_media":0,"parent":0,"menu_order":0,"comment_status":"closed","ping_status":"closed","template":"","meta":{"ocean_post_layout":"full-width","ocean_both_sidebars_style":"","ocean_both_sidebars_content_width":0,"ocean_both_sidebars_sidebars_width":0,"ocean_sidebar":"0","ocean_second_sidebar":"0","ocean_disable_margins":"on","ocean_add_body_class":"","ocean_shortcode_before_top_bar":"","ocean_shortcode_after_top_bar":"","ocean_shortcode_before_header":"","ocean_shortcode_after_header":"","ocean_has_shortcode":"","ocean_shortcode_after_title":"","ocean_shortcode_before_footer_widgets":"","ocean_shortcode_after_footer_widgets":"","ocean_shortcode_before_footer_bottom":"","ocean_shortcode_after_footer_bottom":"","ocean_display_top_bar":"default","ocean_display_header":"default","ocean_header_style":"","ocean_center_header_left_menu":"0","ocean_custom_header_template":"0","ocean_custom_logo":0,"ocean_custom_retina_logo":0,"ocean_custom_logo_max_width":0,"ocean_custom_logo_tablet_max_width":0,"ocean_custom_logo_mobile_max_width":0,"ocean_custom_logo_max_height":0,"ocean_custom_logo_tablet_max_height":0,"ocean_custom_logo_mobile_max_height":0,"ocean_header_custom_menu":"0","ocean_menu_typo_font_family":"0","ocean_menu_typo_font_subset":"","ocean_menu_typo_font_size":0,"ocean_menu_typo_font_size_tablet":0,"ocean_menu_typo_font_size_mobile":0,"ocean_menu_typo_font_size_unit":"px","ocean_menu_typo_font_weight":"","ocean_menu_typo_font_weight_tablet":"","ocean_menu_typo_font_weight_mobile":"","ocean_menu_typo_transform":"","ocean_menu_typo_transform_tablet":"","ocean_menu_typo_transform_mobile":"","ocean_menu_typo_line_height":0,"ocean_menu_typo_line_height_tablet":0,"ocean_menu_typo_line_height_mobile":0,"ocean_menu_typo_line_height_unit":"","ocean_menu_typo_spacing":0,"ocean_menu_typo_spacing_tablet":0,"ocean_menu_typo_spacing_mobile":0,"ocean_menu_typo_spacing_unit":"","ocean_menu_link_color":"","ocean_menu_link_color_hover":"","ocean_menu_link_color_active":"","ocean_menu_link_background":"","ocean_menu_link_hover_background":"","ocean_menu_link_active_background":"","ocean_menu_social_links_bg":"","ocean_menu_social_hover_links_bg":"","ocean_menu_social_links_color":"","ocean_menu_social_hover_links_color":"","ocean_disable_title":"on","ocean_disable_heading":"default","ocean_post_title":"","ocean_post_subheading":"","ocean_post_title_style":"","ocean_post_title_background_color":"","ocean_post_title_background":0,"ocean_post_title_bg_image_position":"","ocean_post_title_bg_image_attachment":"","ocean_post_title_bg_image_repeat":"","ocean_post_title_bg_image_size":"","ocean_post_title_height":0,"ocean_post_title_bg_overlay":0.5,"ocean_post_title_bg_overlay_color":"","ocean_disable_breadcrumbs":"default","ocean_breadcrumbs_color":"","ocean_breadcrumbs_separator_color":"","ocean_breadcrumbs_links_color":"","ocean_breadcrumbs_links_hover_color":"","ocean_display_footer_widgets":"default","ocean_display_footer_bottom":"default","ocean_custom_footer_template":"0","footnotes":""},"class_list":["post-15168","page","type-page","status-publish","hentry","entry"],"_links":{"self":[{"href":"https:\/\/vinte.com\/en\/wp-json\/wp\/v2\/pages\/15168","targetHints":{"allow":["GET"]}}],"collection":[{"href":"https:\/\/vinte.com\/en\/wp-json\/wp\/v2\/pages"}],"about":[{"href":"https:\/\/vinte.com\/en\/wp-json\/wp\/v2\/types\/page"}],"author":[{"embeddable":true,"href":"https:\/\/vinte.com\/en\/wp-json\/wp\/v2\/users\/20"}],"replies":[{"embeddable":true,"href":"https:\/\/vinte.com\/en\/wp-json\/wp\/v2\/comments?post=15168"}],"version-history":[{"count":10,"href":"https:\/\/vinte.com\/en\/wp-json\/wp\/v2\/pages\/15168\/revisions"}],"predecessor-version":[{"id":15403,"href":"https:\/\/vinte.com\/en\/wp-json\/wp\/v2\/pages\/15168\/revisions\/15403"}],"wp:attachment":[{"href":"https:\/\/vinte.com\/en\/wp-json\/wp\/v2\/media?parent=15168"}],"curies":[{"name":"wp","href":"https:\/\/api.w.org\/{rel}","templated":true}]}}